{"id":27,"date":"2020-09-01T06:01:13","date_gmt":"2020-09-01T06:01:13","guid":{"rendered":"http:\/\/digischool.esgf.de\/?page_id=27"},"modified":"2020-09-12T21:50:09","modified_gmt":"2020-09-12T21:50:09","slug":"schueler","status":"publish","type":"page","link":"https:\/\/digischool.esgf.de\/?page_id=27","title":{"rendered":"Sch\u00fcler"},"content":{"rendered":"\n<p>Diese Website soll euch helfen, im Falle von Fernunterricht euch schnell einzuarbeiten und effizient mit den Lehrern den Unterricht digital abzubilden. <\/p>\n\n\n\n<p>Es lohnt sich immer wieder hier vorbei zuschauen und die aktuellsten Tipps und Tricks sich abzuholen. <\/p>\n\n\n\n<p>Zu Beginn schaut euch die zwei wichtigsten Dokumente an. <\/p>\n\n\n\n<p><a href=\"http:\/\/digischool.esgf.de\/?p=75\" data-type=\"post\" data-id=\"75\">\u201eSpielregeln\u201c der DigiSchool<\/a><\/p>\n\n\n\n<p><a href=\"http:\/\/digischool.esgf.de\/?p=63\" data-type=\"post\" data-id=\"63\">Lernreihe f\u00fcr Sch\u00fcler<\/a><\/p>\n\n\n\n<p>Mit diesen beiden Beitr\u00e4gen seid ihr f\u00fcr den Start ger\u00fcstet. <\/p>\n\n\n\n<p>Viel Erfolg im Fernunterricht. <\/p>\n","protected":false},"excerpt":{"rendered":"<p>Diese Website soll euch helfen, im Falle von Fernunterricht euch schnell einzuarbeiten und effizient mit [&hellip;]<\/p>\n","protected":false},"author":1,"featured_media":0,"parent":0,"menu_order":0,"comment_status":"closed","ping_status":"closed","template":"","meta":{"footnotes":""},"class_list":["post-27","page","type-page","status-publish","hentry"],"_links":{"self":[{"href":"https:\/\/digischool.esgf.de\/index.php?rest_route=\/wp\/v2\/pages\/27"}],"collection":[{"href":"https:\/\/digischool.esgf.de\/index.php?rest_route=\/wp\/v2\/pages"}],"about":[{"href":"https:\/\/digischool.esgf.de\/index.php?rest_route=\/wp\/v2\/types\/page"}],"author":[{"embeddable":true,"href":"https:\/\/digischool.esgf.de\/index.php?rest_route=\/wp\/v2\/users\/1"}],"replies":[{"embeddable":true,"href":"https:\/\/digischool.esgf.de\/index.php?rest_route=%2Fwp%2Fv2%2Fcomments&post=27"}],"version-history":[{"count":5,"href":"https:\/\/digischool.esgf.de\/index.php?rest_route=\/wp\/v2\/pages\/27\/revisions"}],"predecessor-version":[{"id":79,"href":"https:\/\/digischool.esgf.de\/index.php?rest_route=\/wp\/v2\/pages\/27\/revisions\/79"}],"wp:attachment":[{"href":"https:\/\/digischool.esgf.de\/index.php?rest_route=%2Fwp%2Fv2%2Fmedia&parent=27"}],"curies":[{"name":"wp","href":"https:\/\/api.w.org\/{rel}","templated":true}]}}